{"id":3449,"date":"2025-05-29T10:10:11","date_gmt":"2025-05-29T10:10:11","guid":{"rendered":"https:\/\/www.brct.dianysmedia.com\/?page_id=3449"},"modified":"2025-05-29T11:17:23","modified_gmt":"2025-05-29T11:17:23","slug":"proiect-pids","status":"publish","type":"page","link":"https:\/\/www.brctiasi.ro\/en\/proiect-pids\/","title":{"rendered":"Proiect PIDS"},"content":{"rendered":"<div data-elementor-type=\"wp-page\" data-elementor-id=\"3449\" class=\"elementor elementor-3449\" data-elementor-post-type=\"page\">\n\t\t\t\t<div class=\"elementor-element elementor-element-779942d e-flex e-con-boxed e-con e-parent\" data-id=\"779942d\" data-element_type=\"container\">\n\t\t\t\t\t<div class=\"e-con-inner\">\n\t\t\t\t<div class=\"elementor-element elementor-element-4d962c3 elementor-widget elementor-widget-text-editor\" data-id=\"4d962c3\" data-element_type=\"widget\" data-widget_type=\"text-editor.default\">\n\t\t\t\t<div class=\"elementor-widget-container\">\n\t\t\t\t\t\t\t\t\t<h2><img fetchpriority=\"high\" decoding=\"async\" class=\"aligncenter size-full wp-image-3459\" src=\"https:\/\/www.brctiasi.ro\/wp-content\/uploads\/2025\/05\/sigle.jpg\" alt=\"\" width=\"626\" height=\"109\" srcset=\"https:\/\/www.brctiasi.ro\/wp-content\/uploads\/2025\/05\/sigle.jpg 626w, https:\/\/www.brctiasi.ro\/wp-content\/uploads\/2025\/05\/sigle-300x52.jpg 300w, https:\/\/www.brctiasi.ro\/wp-content\/uploads\/2025\/05\/sigle-18x3.jpg 18w\" sizes=\"(max-width: 626px) 100vw, 626px\" \/><\/h2><h3 style=\"text-align: center;\"><strong>Comunicat de lansare a proiectului<\/strong><\/h3><h5 style=\"text-align: center;\"><strong><u>Antreprenoriat cu impact social<\/u><\/strong><\/h5><p><strong>\u00a0<\/strong><\/p><p style=\"text-align: right;\"><strong>Data: <\/strong><strong>17-10-2024<\/strong><\/p><p><strong>Asocia\u021bia Biroul Regional Pentru Cooperare Transfrontalier\u0103 Ia\u0219i, \u00een calitate de Beneficiar, \u00een parteneriat\u00a0 cu Asocia\u021bia Pentru Integrare \u0219i Dezvoltare Comunitar\u0103 \u2013 INDECO, anun\u021b\u0103 lansarea proiectului <\/strong><strong>&#8222;<\/strong><strong>Antreprenoriat cu impact social<\/strong><strong>&#8222;<\/strong><strong> \u2013 ID MySmis 316178.\u00a0 <\/strong><\/p><p><strong>Obiectivul general al proiectului <\/strong>const\u0103 \u00een \u00eembun\u0103\u021birea accesului la pia\u021ba muncii \u0219i m\u0103suri de activare pentru minim 135 de persoane care doresc s\u0103 \u00eenfiin\u021beze \u00eentreprinderi sociale \u00een mediul rural, din care minim 14 femei, minim 21 de persoane de etnie rom\u0103, minim 41 de persoane vulnerabile din mediul rural, prin promovarea desfa\u0219ur\u0103rii de activit\u0103\u021bi independente \u0219i a economiei sociale \u00een mediul rural, respectiv \u00eenfiin\u021barea a minim 34 de structuri sustenabile de economie social\u0103 \u00een mediul rural din regiunile Nord-Est \u0219i Sud-Est, pentru a asigura integrarea pe pia\u021ba muncii a persoanelor din grupurile vulnerabile.<\/p><p><strong>Implementarea activit\u0103\u021bilor va duce la \u00eendelinirea urm\u0103toarelor rezultate:<\/strong><\/p><ul><li>300 de persoane informate cu privire la activit\u0103\u021bile derulate \u00een cadrul proiectului;<\/li><li>135 de persoane care doresc s\u0103 \u00eenfiin\u021beze \u00eentreprinderi sociale \u00een mediul rural, selectate \u00een grupul \u021bint\u0103;<\/li><li>135 de persoane membre ale grupului \u021bint\u0103, participante la programe de formare antreprenorial\u0103 specific\u0103;<\/li><li>135 de persoane, membre ale grupului \u021bint\u0103, participante la alte activit\u0103\u021bi de dezvoltare a capacit\u0103\u021bii \u0219i abilit\u0103\u021bilor \u00een domenii relevante \u00een vederea \u00eenfiin\u021b\u0103rii de \u00eentreprinderi sociale;<\/li><li>1 concurs de evaluare \u0219i selec\u021bie a planurilor de afaceri \u0219i minim 34 de planuri de afaceri aprobate \u0219i selectate \u00een vederea finan\u021b\u0103rii;<\/li><li>Minim 34 de \u00eentreprinderi sociale \u00eenfiin\u021bate \u0219i func\u021bionale \u00een mediul rural din regiunile NE \u0219i SE;<\/li><li>Minim 136 de locuri de munc\u0103 nou create \u00een mediul rural din regiunile NE \u0219i SE;<\/li><li>Minim 34 de atestate de \u00eentreprindere social\u0103 dob\u00e2ndite.<\/li><\/ul><p><strong>Perioada de implementare a proiectului:<\/strong> 1 octombrie 2024 \u2013 31 martie 2027.<\/p><p><strong>Valoarea total\u0103 a proiectului <\/strong>este\u00a0 14.890.634,52 lei, din care 12.657.039,34 lei fond FSE + 2.233.595,18 lei din bugetul national.<\/p><p>Pentru orice alte informa\u021bii cu privire la activit\u0103\u021bile desf\u0103\u0219urate \u00een cadrul proiectului, ne pute\u021bi contacta, utiliz\u00e2nd urm\u0103toarele date de contact: <a href=\"mailto:antreprenoriatrural@brctiasi.ro\">antreprenoriatrural@brctiasi.ro<\/a><\/p><p style=\"text-align: center;\"><span style=\"color: #000000;\"><strong>Pentru informa\u021bii detaliate despre celelalte programe cofinan\u021bate de Uniunea European\u0103, v\u0103 invit\u0103m s\u0103 vizita\u021bi <span style=\"text-decoration: underline; color: #0000ff;\"><a style=\"color: #0000ff; text-decoration: underline;\" href=\"http:\/\/www.mfe.gov.ro\" target=\"_blank\" rel=\"noopener\">www.mfe.gov.ro<\/a> <\/span><\/strong><\/span><\/p>\t\t\t\t\t\t\t\t<\/div>\n\t\t\t\t<\/div>\n\t\t\t\t\t<\/div>\n\t\t\t\t<\/div>\n\t\t\t\t<\/div>","protected":false},"excerpt":{"rendered":"<p>Comunicat de lansare a proiectului Antreprenoriat cu impact social \u00a0 Data: 17-10-2024 Asocia\u021bia Biroul Regional Pentru Cooperare Transfrontalier\u0103 Ia\u0219i, \u00een calitate de Beneficiar, \u00een parteneriat\u00a0 cu Asocia\u021bia Pentru Integrare \u0219i Dezvoltare Comunitar\u0103 \u2013 INDECO, anun\u021b\u0103 lansarea proiectului &#8222;Antreprenoriat cu impact social&#8222; \u2013 ID MySmis 316178.\u00a0 Obiectivul general al proiectului const\u0103 \u00een \u00eembun\u0103\u021birea accesului la pia\u021ba [&hellip;]<\/p>","protected":false},"author":1,"featured_media":0,"parent":0,"menu_order":0,"comment_status":"closed","ping_status":"closed","template":"elementor_header_footer","meta":{"footnotes":""},"class_list":["post-3449","page","type-page","status-publish","hentry"],"yoast_head":"<!-- This site is optimized with the Yoast SEO Premium plugin v25.0 (Yoast SEO v25.2) - https:\/\/yoast.com\/wordpress\/plugins\/seo\/ -->\n<title>Proiect PIDS - Biroul Regional de Cooperare Transfrontalier\u0103 Iasi<\/title>\n<meta name=\"robots\" content=\"index, follow, max-snippet:-1, max-image-preview:large, max-video-preview:-1\" \/>\n<link rel=\"canonical\" href=\"https:\/\/www.brctiasi.ro\/en\/proiect-pids\/\" \/>\n<meta property=\"og:locale\" content=\"en_GB\" \/>\n<meta property=\"og:type\" content=\"article\" \/>\n<meta property=\"og:title\" content=\"Proiect PIDS\" \/>\n<meta property=\"og:description\" content=\"Comunicat de lansare a proiectului Antreprenoriat cu impact social \u00a0 Data: 17-10-2024 Asocia\u021bia Biroul Regional Pentru Cooperare Transfrontalier\u0103 Ia\u0219i, \u00een calitate de Beneficiar, \u00een parteneriat\u00a0 cu Asocia\u021bia Pentru Integrare \u0219i Dezvoltare Comunitar\u0103 \u2013 INDECO, anun\u021b\u0103 lansarea proiectului &#8222;Antreprenoriat cu impact social&#8222; \u2013 ID MySmis 316178.\u00a0 Obiectivul general al proiectului const\u0103 \u00een \u00eembun\u0103\u021birea accesului la pia\u021ba [&hellip;]\" \/>\n<meta property=\"og:url\" content=\"https:\/\/www.brctiasi.ro\/en\/proiect-pids\/\" \/>\n<meta property=\"og:site_name\" content=\"Biroul Regional de Cooperare Transfrontalier\u0103 Iasi\" \/>\n<meta property=\"article:modified_time\" content=\"2025-05-29T11:17:23+00:00\" \/>\n<meta property=\"og:image\" content=\"https:\/\/www.brctiasi.ro\/wp-content\/uploads\/2025\/05\/sigle.jpg\" \/>\n\t<meta property=\"og:image:width\" content=\"626\" \/>\n\t<meta property=\"og:image:height\" content=\"109\" \/>\n\t<meta property=\"og:image:type\" content=\"image\/jpeg\" \/>\n<meta name=\"twitter:card\" content=\"summary_large_image\" \/>\n<meta name=\"twitter:label1\" content=\"Estimated reading time\" \/>\n\t<meta name=\"twitter:data1\" content=\"3 minutes\" \/>\n<script type=\"application\/ld+json\" class=\"yoast-schema-graph\">{\"@context\":\"https:\/\/schema.org\",\"@graph\":[{\"@type\":\"WebPage\",\"@id\":\"https:\/\/www.brctiasi.ro\/proiect-pids\/\",\"url\":\"https:\/\/www.brctiasi.ro\/proiect-pids\/\",\"name\":\"Proiect PIDS - Biroul Regional de Cooperare Transfrontalier\u0103 Iasi\",\"isPartOf\":{\"@id\":\"https:\/\/www.brctiasi.ro\/#website\"},\"primaryImageOfPage\":{\"@id\":\"https:\/\/www.brctiasi.ro\/proiect-pids\/#primaryimage\"},\"image\":{\"@id\":\"https:\/\/www.brctiasi.ro\/proiect-pids\/#primaryimage\"},\"thumbnailUrl\":\"https:\/\/www.brctiasi.ro\/wp-content\/uploads\/2025\/05\/sigle.jpg\",\"datePublished\":\"2025-05-29T10:10:11+00:00\",\"dateModified\":\"2025-05-29T11:17:23+00:00\",\"breadcrumb\":{\"@id\":\"https:\/\/www.brctiasi.ro\/proiect-pids\/#breadcrumb\"},\"inLanguage\":\"en-GB\",\"potentialAction\":[{\"@type\":\"ReadAction\",\"target\":[\"https:\/\/www.brctiasi.ro\/proiect-pids\/\"]}]},{\"@type\":\"ImageObject\",\"inLanguage\":\"en-GB\",\"@id\":\"https:\/\/www.brctiasi.ro\/proiect-pids\/#primaryimage\",\"url\":\"https:\/\/www.brctiasi.ro\/wp-content\/uploads\/2025\/05\/sigle.jpg\",\"contentUrl\":\"https:\/\/www.brctiasi.ro\/wp-content\/uploads\/2025\/05\/sigle.jpg\"},{\"@type\":\"BreadcrumbList\",\"@id\":\"https:\/\/www.brctiasi.ro\/proiect-pids\/#breadcrumb\",\"itemListElement\":[{\"@type\":\"ListItem\",\"position\":1,\"name\":\"Home\",\"item\":\"https:\/\/www.brctiasi.ro\/\"},{\"@type\":\"ListItem\",\"position\":2,\"name\":\"Proiect PIDS\"}]},{\"@type\":\"WebSite\",\"@id\":\"https:\/\/www.brctiasi.ro\/#website\",\"url\":\"https:\/\/www.brctiasi.ro\/\",\"name\":\"BRCT Iasi\",\"description\":\"BRCT\",\"publisher\":{\"@id\":\"https:\/\/www.brctiasi.ro\/#organization\"},\"alternateName\":\"BRCT Iasi\",\"potentialAction\":[{\"@type\":\"SearchAction\",\"target\":{\"@type\":\"EntryPoint\",\"urlTemplate\":\"https:\/\/www.brctiasi.ro\/?s={search_term_string}\"},\"query-input\":{\"@type\":\"PropertyValueSpecification\",\"valueRequired\":true,\"valueName\":\"search_term_string\"}}],\"inLanguage\":\"en-GB\"},{\"@type\":\"Organization\",\"@id\":\"https:\/\/www.brctiasi.ro\/#organization\",\"name\":\"BRCT Iasi\",\"alternateName\":\"BRCT Iasi\",\"url\":\"https:\/\/www.brctiasi.ro\/\",\"logo\":{\"@type\":\"ImageObject\",\"inLanguage\":\"en-GB\",\"@id\":\"https:\/\/www.brctiasi.ro\/#\/schema\/logo\/image\/\",\"url\":\"https:\/\/www.brctiasi.ro\/wp-content\/uploads\/2025\/05\/recenzii.jpg\",\"contentUrl\":\"https:\/\/www.brctiasi.ro\/wp-content\/uploads\/2025\/05\/recenzii.jpg\",\"width\":960,\"height\":700,\"caption\":\"BRCT Iasi\"},\"image\":{\"@id\":\"https:\/\/www.brctiasi.ro\/#\/schema\/logo\/image\/\"}}]}<\/script>\n<!-- \/ Yoast SEO Premium plugin. -->","yoast_head_json":{"title":"Proiect PIDS - Biroul Regional de Cooperare Transfrontalier\u0103 Iasi","robots":{"index":"index","follow":"follow","max-snippet":"max-snippet:-1","max-image-preview":"max-image-preview:large","max-video-preview":"max-video-preview:-1"},"canonical":"https:\/\/www.brctiasi.ro\/en\/proiect-pids\/","og_locale":"en_GB","og_type":"article","og_title":"Proiect PIDS","og_description":"Comunicat de lansare a proiectului Antreprenoriat cu impact social \u00a0 Data: 17-10-2024 Asocia\u021bia Biroul Regional Pentru Cooperare Transfrontalier\u0103 Ia\u0219i, \u00een calitate de Beneficiar, \u00een parteneriat\u00a0 cu Asocia\u021bia Pentru Integrare \u0219i Dezvoltare Comunitar\u0103 \u2013 INDECO, anun\u021b\u0103 lansarea proiectului &#8222;Antreprenoriat cu impact social&#8222; \u2013 ID MySmis 316178.\u00a0 Obiectivul general al proiectului const\u0103 \u00een \u00eembun\u0103\u021birea accesului la pia\u021ba [&hellip;]","og_url":"https:\/\/www.brctiasi.ro\/en\/proiect-pids\/","og_site_name":"Biroul Regional de Cooperare Transfrontalier\u0103 Iasi","article_modified_time":"2025-05-29T11:17:23+00:00","og_image":[{"width":626,"height":109,"url":"https:\/\/www.brctiasi.ro\/wp-content\/uploads\/2025\/05\/sigle.jpg","type":"image\/jpeg"}],"twitter_card":"summary_large_image","twitter_misc":{"Estimated reading time":"3 minutes"},"schema":{"@context":"https:\/\/schema.org","@graph":[{"@type":"WebPage","@id":"https:\/\/www.brctiasi.ro\/proiect-pids\/","url":"https:\/\/www.brctiasi.ro\/proiect-pids\/","name":"Proiect PIDS - Biroul Regional de Cooperare Transfrontalier\u0103 Iasi","isPartOf":{"@id":"https:\/\/www.brctiasi.ro\/#website"},"primaryImageOfPage":{"@id":"https:\/\/www.brctiasi.ro\/proiect-pids\/#primaryimage"},"image":{"@id":"https:\/\/www.brctiasi.ro\/proiect-pids\/#primaryimage"},"thumbnailUrl":"https:\/\/www.brctiasi.ro\/wp-content\/uploads\/2025\/05\/sigle.jpg","datePublished":"2025-05-29T10:10:11+00:00","dateModified":"2025-05-29T11:17:23+00:00","breadcrumb":{"@id":"https:\/\/www.brctiasi.ro\/proiect-pids\/#breadcrumb"},"inLanguage":"en-GB","potentialAction":[{"@type":"ReadAction","target":["https:\/\/www.brctiasi.ro\/proiect-pids\/"]}]},{"@type":"ImageObject","inLanguage":"en-GB","@id":"https:\/\/www.brctiasi.ro\/proiect-pids\/#primaryimage","url":"https:\/\/www.brctiasi.ro\/wp-content\/uploads\/2025\/05\/sigle.jpg","contentUrl":"https:\/\/www.brctiasi.ro\/wp-content\/uploads\/2025\/05\/sigle.jpg"},{"@type":"BreadcrumbList","@id":"https:\/\/www.brctiasi.ro\/proiect-pids\/#breadcrumb","itemListElement":[{"@type":"ListItem","position":1,"name":"Home","item":"https:\/\/www.brctiasi.ro\/"},{"@type":"ListItem","position":2,"name":"Proiect PIDS"}]},{"@type":"WebSite","@id":"https:\/\/www.brctiasi.ro\/#website","url":"https:\/\/www.brctiasi.ro\/","name":"BRCT Iasi","description":"BRCT","publisher":{"@id":"https:\/\/www.brctiasi.ro\/#organization"},"alternateName":"BRCT Iasi","potentialAction":[{"@type":"SearchAction","target":{"@type":"EntryPoint","urlTemplate":"https:\/\/www.brctiasi.ro\/?s={search_term_string}"},"query-input":{"@type":"PropertyValueSpecification","valueRequired":true,"valueName":"search_term_string"}}],"inLanguage":"en-GB"},{"@type":"Organization","@id":"https:\/\/www.brctiasi.ro\/#organization","name":"BRCT Iasi","alternateName":"BRCT Iasi","url":"https:\/\/www.brctiasi.ro\/","logo":{"@type":"ImageObject","inLanguage":"en-GB","@id":"https:\/\/www.brctiasi.ro\/#\/schema\/logo\/image\/","url":"https:\/\/www.brctiasi.ro\/wp-content\/uploads\/2025\/05\/recenzii.jpg","contentUrl":"https:\/\/www.brctiasi.ro\/wp-content\/uploads\/2025\/05\/recenzii.jpg","width":960,"height":700,"caption":"BRCT Iasi"},"image":{"@id":"https:\/\/www.brctiasi.ro\/#\/schema\/logo\/image\/"}}]}},"_links":{"self":[{"href":"https:\/\/www.brctiasi.ro\/en\/wp-json\/wp\/v2\/pages\/3449","targetHints":{"allow":["GET"]}}],"collection":[{"href":"https:\/\/www.brctiasi.ro\/en\/wp-json\/wp\/v2\/pages"}],"about":[{"href":"https:\/\/www.brctiasi.ro\/en\/wp-json\/wp\/v2\/types\/page"}],"author":[{"embeddable":true,"href":"https:\/\/www.brctiasi.ro\/en\/wp-json\/wp\/v2\/users\/1"}],"replies":[{"embeddable":true,"href":"https:\/\/www.brctiasi.ro\/en\/wp-json\/wp\/v2\/comments?post=3449"}],"version-history":[{"count":13,"href":"https:\/\/www.brctiasi.ro\/en\/wp-json\/wp\/v2\/pages\/3449\/revisions"}],"predecessor-version":[{"id":3467,"href":"https:\/\/www.brctiasi.ro\/en\/wp-json\/wp\/v2\/pages\/3449\/revisions\/3467"}],"wp:attachment":[{"href":"https:\/\/www.brctiasi.ro\/en\/wp-json\/wp\/v2\/media?parent=3449"}],"curies":[{"name":"wp","href":"https:\/\/api.w.org\/{rel}","templated":true}]}}