{"id":2768,"date":"2025-05-23T09:06:20","date_gmt":"2025-05-23T09:06:20","guid":{"rendered":"https:\/\/www.brct.dianysmedia.com\/?page_id=2768"},"modified":"2025-05-26T06:59:40","modified_gmt":"2025-05-26T06:59:40","slug":"politica-de-prelucrare-a-datelor-cu-caracter-personal","status":"publish","type":"page","link":"https:\/\/www.brctiasi.ro\/en\/politica-de-prelucrare-a-datelor-cu-caracter-personal\/","title":{"rendered":"Personal data processing policy"},"content":{"rendered":"<div data-elementor-type=\"wp-page\" data-elementor-id=\"2768\" class=\"elementor elementor-2768\" data-elementor-post-type=\"page\">\n\t\t\t\t<div class=\"elementor-element elementor-element-3234570 e-flex e-con-boxed e-con e-parent\" data-id=\"3234570\" data-element_type=\"container\">\n\t\t\t\t\t<div class=\"e-con-inner\">\n\t\t\t\t<div class=\"elementor-element elementor-element-6842da6 elementor-widget elementor-widget-text-editor\" data-id=\"6842da6\" data-element_type=\"widget\" data-widget_type=\"text-editor.default\">\n\t\t\t\t<div class=\"elementor-widget-container\">\n\t\t\t\t\t\t\t\t\t<h2 data-pm-slice=\"1 1 []\"><strong>Politica de prelucrare a datelor cu caracter personal<\/strong><\/h2><p><strong>1. Informa\u021bii generale<\/strong><\/p><p>Prezenta politic\u0103 descrie modul \u00een care Asocia\u021bia <strong>Biroul Regional pentru Cooperare Transfrontalier\u0103 Ia\u0219i, pentru Grani\u021ba Rom\u00e2nia &#8211; Republica Moldova<\/strong>, cu sediul \u00een Ia\u0219i, Str. Dimitrie Ralet nr. 2A, jude\u021bul Ia\u0219i, CUI 17560703, denumit\u0103 \u00een continuare \u201eAsocia\u021bia\u201d sau \u201eBRCT Ia\u0219i\u201d, prelucreaz\u0103 datele cu caracter personal ale vizitatorilor site-ului <a>www.brctiasi.ro<\/a> \u0219i ale altor persoane fizice cu care intr\u0103 \u00een contact, \u00een conformitate cu legisla\u021bia na\u021bional\u0103 aplicabil\u0103 \u0219i cu Regulamentul (UE) 2016\/679 privind protec\u021bia persoanelor fizice (GDPR).<\/p><p><strong>2. Principii privind prelucrarea datelor<\/strong><\/p><p>Prelucrarea datelor cu caracter personal se realizeaz\u0103 \u00een conformitate cu urm\u0103toarele principii:<\/p><p>\u2022 Legalitate, echitate \u0219i transparen\u021b\u0103<br \/>\u2022 Limitarea scopului \u2013 datele sunt colectate numai \u00een scopuri determinate, explicite \u0219i legitime<br \/>\u2022 Reducerea la minimum a datelor \u2013 se colecteaz\u0103 doar datele necesare<br \/>\u2022 Exactitate \u0219i actualizare constant\u0103<br \/>\u2022 Limitarea stoc\u0103rii \u2013 p\u0103strarea datelor doar c\u00e2t este necesar<br \/>\u2022 Integritate \u0219i confiden\u021bialitate \u2013 protec\u021bie \u00eempotriva accesului neautorizat, pierderii sau distrugerii<br \/>\u2022 Responsabilitate \u2013 asumarea r\u0103spunderii pentru respectarea legisla\u021biei privind protec\u021bia datelor<\/p><p><strong>3. Categorii de date prelucrate<\/strong><\/p><p>\u00cen func\u021bie de interac\u021biunea cu site-ul sau cu institu\u021bia, Asocia\u021bia poate prelucra urm\u0103toarele categorii de date personale:<\/p><p>\u2022 Nume \u0219i prenume<br \/>\u2022 Adres\u0103 de e-mail<br \/>\u2022 Num\u0103r de telefon<br \/>\u2022 Institu\u021bia de provenien\u021b\u0103 (dac\u0103 este cazul)<br \/>\u2022 Date tehnice (adresa IP, tipul de browser, sistemul de operare, loca\u021bia geografic\u0103 general\u0103)<br \/>\u2022 Orice alte informa\u021bii furnizate voluntar prin formulare de contact, cereri sau coresponden\u021b\u0103 electronic\u0103<\/p><p><strong>4. Scopurile prelucr\u0103rii<\/strong><\/p><p>Datele sunt prelucrate exclusiv pentru scopuri legitime \u0219i clare, precum:<\/p><p>\u2022 Comunicarea cu cet\u0103\u021benii, partenerii sau reprezentan\u021bii institu\u021biilor interesate<br \/>\u2022 R\u0103spunsuri la solicit\u0103ri primite prin formularele de contact sau email<br \/>\u2022 \u00censcrierea la evenimente, conferin\u021be sau activit\u0103\u021bi organizate de BRCT Ia\u0219i<br \/>\u2022 Transmiterea de inform\u0103ri oficiale privind activit\u0103\u021bile organiza\u021biei<br \/>\u2022 \u00cendeplinirea obliga\u021biilor legale privind transparen\u021ba \u0219i accesul la informa\u021bii publice<br \/>\u2022 \u00cembun\u0103t\u0103\u021birea experien\u021bei de navigare pe site \u0219i securizarea acestuia<\/p><p><strong>5. Temeiul legal al prelucr\u0103rii<\/strong><\/p><p>Prelucrarea datelor se realizeaz\u0103, dup\u0103 caz, \u00een baza urm\u0103toarelor temeiuri juridice:<\/p><p>\u2022 Consim\u021b\u0103m\u00e2ntul persoanei vizate (pentru comunic\u0103ri voluntare)<br \/>\u2022 Executarea unui contract sau a unei cereri precontractuale (\u00een cazul particip\u0103rii la evenimente sau colabor\u0103ri institu\u021bionale)<br \/>\u2022 \u00cendeplinirea unei obliga\u021bii legale<br \/>\u2022 Interesul legitim al Asocia\u021biei (de exemplu, pentru securitatea sistemelor informatice)<\/p><p><strong>6. Destinatarii datelor<\/strong><\/p><p>Datele colectate nu sunt comunicate c\u0103tre ter\u021bi dec\u00e2t dac\u0103:<\/p><p>\u2022 Exist\u0103 obliga\u021bia legal\u0103 de a furniza datele c\u0103tre autorit\u0103\u021bile competente<br \/>\u2022 Este necesar pentru furnizarea unui serviciu sau r\u0103spuns solicitat de persoana vizat\u0103<br \/>\u2022 Exist\u0103 consim\u021b\u0103m\u00e2ntul expres al persoanei vizate<br \/>\u2022 Se colaboreaz\u0103 cu parteneri institu\u021bionali sau prestatori de servicii (de ex. g\u0103zduire web, mentenan\u021b\u0103 IT), care se oblig\u0103 s\u0103 respecte acelea\u0219i standarde de confiden\u021bialitate<\/p><p><strong>7. Durata de stocare a datelor<\/strong><\/p><p>Datele sunt p\u0103strate doar pe perioada necesar\u0103 \u00eendeplinirii scopurilor pentru care au fost colectate, conform politicilor interne \u0219i obliga\u021biilor legale. Dup\u0103 expirarea acestei perioade, datele vor fi \u0219terse, anonimizate sau arhivate, conform reglement\u0103rilor aplicabile.<\/p><p><strong>8. Securitatea datelor<\/strong><\/p><p>Asocia\u021bia implementeaz\u0103 m\u0103suri tehnice \u0219i organizatorice adecvate pentru a asigura securitatea datelor personale \u0219i protejarea acestora \u00eempotriva accesului neautorizat, alter\u0103rii, divulg\u0103rii sau distrugerii. Accesul la date este restric\u021bionat doar persoanelor autorizate, instruite \u00een privin\u021ba protec\u021biei datelor.<\/p><p><strong>9. Drepturile persoanelor vizate<\/strong><\/p><p>Persoanele ale c\u0103ror date sunt prelucrate au urm\u0103toarele drepturi garantate prin lege:<\/p><p>\u2022 Dreptul de acces la datele personale<br \/>\u2022 Dreptul de rectificare a datelor inexacte<br \/>\u2022 Dreptul de \u0219tergere (\u201edreptul de a fi uitat\u201d) \u00een anumite situa\u021bii<br \/>\u2022 Dreptul la restric\u021bionarea prelucr\u0103rii<br \/>\u2022 Dreptul de opozi\u021bie la prelucrare, \u00een anumite condi\u021bii<br \/>\u2022 Dreptul la portabilitatea datelor<br \/>\u2022 Dreptul de a depune o pl\u00e2ngere la Autoritatea Na\u021bional\u0103 de Supraveghere a Prelucr\u0103rii Datelor cu Caracter Personal<br \/>\u2022 Dreptul de retragere a consim\u021b\u0103m\u00e2ntului \u00een orice moment (dac\u0103 prelucrarea se bazeaz\u0103 pe consim\u021b\u0103m\u00e2nt)<\/p><p>Pentru exercitarea acestor drepturi, v\u0103 rug\u0103m s\u0103 transmite\u021bi o solicitare scris\u0103 la adresa de email: <a><strong>office@brctiasi.ro<\/strong><\/a><\/p><p><strong>10. Minori<\/strong><\/p><p>Asocia\u021bia nu colecteaz\u0103 \u00een mod inten\u021bionat date cu caracter personal de la minori sub 16 ani. Dac\u0103 un astfel de caz este identificat, datele vor fi \u0219terse imediat, cu excep\u021bia situa\u021biilor \u00een care exist\u0103 acordul expres al p\u0103rintelui sau tutorelui legal.<\/p><p><strong>11. Cookie-uri \u0219i date de navigare<\/strong><\/p><p>Site-ul poate utiliza cookie-uri pentru a asigura func\u021bionalitatea tehnic\u0103, pentru analize statistice anonime \u0219i pentru \u00eembun\u0103t\u0103\u021birea experien\u021bei utilizatorului. Informa\u021bii detaliate privind tipurile de cookie-uri folosite, scopul \u0219i durata acestora se reg\u0103sesc \u00een Politica privind utilizarea cookie-urilor, disponibil\u0103 pe site.<\/p><p><strong>12. Actualizarea politicii<\/strong><\/p><p>Aceast\u0103 politic\u0103 poate fi actualizat\u0103 periodic, \u00een func\u021bie de modific\u0103rile legislative sau de deciziile interne privind protec\u021bia datelor. Versiunea actualizat\u0103 va fi publicat\u0103 pe site, cu men\u021biunea datei ultimei revizuiri.<\/p><p><strong>Ultima actualizare: 26.05.2025<\/strong><\/p><p>Pentru \u00eentreb\u0103ri suplimentare, sesiz\u0103ri sau solicit\u0103ri privind prelucrarea datelor cu caracter personal, v\u0103 rug\u0103m s\u0103 ne contacta\u021bi la adresa: <a><strong>office@brctiasi.ro<\/strong><\/a><\/p>\t\t\t\t\t\t\t\t<\/div>\n\t\t\t\t<\/div>\n\t\t\t\t\t<\/div>\n\t\t\t\t<\/div>\n\t\t\t\t<\/div>","protected":false},"excerpt":{"rendered":"<p>Politica de prelucrare a datelor cu caracter personal 1. Informa\u021bii generale Prezenta politic\u0103 descrie modul \u00een care Asocia\u021bia Biroul Regional pentru Cooperare Transfrontalier\u0103 Ia\u0219i, pentru Grani\u021ba Rom\u00e2nia &#8211; Republica Moldova, cu sediul \u00een Ia\u0219i, Str. Dimitrie Ralet nr. 2A, jude\u021bul Ia\u0219i, CUI 17560703, denumit\u0103 \u00een continuare \u201eAsocia\u021bia\u201d sau \u201eBRCT Ia\u0219i\u201d, prelucreaz\u0103 datele cu caracter personal [&hellip;]<\/p>","protected":false},"author":1,"featured_media":0,"parent":0,"menu_order":0,"comment_status":"closed","ping_status":"closed","template":"","meta":{"footnotes":""},"class_list":["post-2768","page","type-page","status-publish","hentry"],"yoast_head":"<!-- This site is optimized with the Yoast SEO Premium plugin v25.0 (Yoast SEO v25.2) - https:\/\/yoast.com\/wordpress\/plugins\/seo\/ -->\n<title>Politica\u00a0de\u00a0prelucrare\u00a0a\u00a0datelor\u00a0cu\u00a0caracter\u00a0personal - Biroul Regional de Cooperare Transfrontalier\u0103 Iasi<\/title>\n<meta name=\"robots\" content=\"index, follow, max-snippet:-1, max-image-preview:large, max-video-preview:-1\" \/>\n<link rel=\"canonical\" href=\"https:\/\/www.brctiasi.ro\/en\/politica-de-prelucrare-a-datelor-cu-caracter-personal\/\" \/>\n<meta property=\"og:locale\" content=\"en_GB\" \/>\n<meta property=\"og:type\" content=\"article\" \/>\n<meta property=\"og:title\" content=\"Politica\u00a0de\u00a0prelucrare\u00a0a\u00a0datelor\u00a0cu\u00a0caracter\u00a0personal\" \/>\n<meta property=\"og:description\" content=\"Politica de prelucrare a datelor cu caracter personal 1. Informa\u021bii generale Prezenta politic\u0103 descrie modul \u00een care Asocia\u021bia Biroul Regional pentru Cooperare Transfrontalier\u0103 Ia\u0219i, pentru Grani\u021ba Rom\u00e2nia &#8211; Republica Moldova, cu sediul \u00een Ia\u0219i, Str. Dimitrie Ralet nr. 2A, jude\u021bul Ia\u0219i, CUI 17560703, denumit\u0103 \u00een continuare \u201eAsocia\u021bia\u201d sau \u201eBRCT Ia\u0219i\u201d, prelucreaz\u0103 datele cu caracter personal [&hellip;]\" \/>\n<meta property=\"og:url\" content=\"https:\/\/www.brctiasi.ro\/en\/politica-de-prelucrare-a-datelor-cu-caracter-personal\/\" \/>\n<meta property=\"og:site_name\" content=\"Biroul Regional de Cooperare Transfrontalier\u0103 Iasi\" \/>\n<meta property=\"article:modified_time\" content=\"2025-05-26T06:59:40+00:00\" \/>\n<meta property=\"og:image\" content=\"https:\/\/www.brctiasi.ro\/wp-content\/uploads\/2025\/05\/recenzii.jpg\" \/>\n\t<meta property=\"og:image:width\" content=\"960\" \/>\n\t<meta property=\"og:image:height\" content=\"700\" \/>\n\t<meta property=\"og:image:type\" content=\"image\/jpeg\" \/>\n<meta name=\"twitter:card\" content=\"summary_large_image\" \/>\n<meta name=\"twitter:label1\" content=\"Estimated reading time\" \/>\n\t<meta name=\"twitter:data1\" content=\"4 minutes\" \/>\n<script type=\"application\/ld+json\" class=\"yoast-schema-graph\">{\"@context\":\"https:\/\/schema.org\",\"@graph\":[{\"@type\":\"WebPage\",\"@id\":\"https:\/\/www.brctiasi.ro\/politica-de-prelucrare-a-datelor-cu-caracter-personal\/\",\"url\":\"https:\/\/www.brctiasi.ro\/politica-de-prelucrare-a-datelor-cu-caracter-personal\/\",\"name\":\"Politica\u00a0de\u00a0prelucrare\u00a0a\u00a0datelor\u00a0cu\u00a0caracter\u00a0personal - Biroul Regional de Cooperare Transfrontalier\u0103 Iasi\",\"isPartOf\":{\"@id\":\"https:\/\/www.brctiasi.ro\/#website\"},\"datePublished\":\"2025-05-23T09:06:20+00:00\",\"dateModified\":\"2025-05-26T06:59:40+00:00\",\"breadcrumb\":{\"@id\":\"https:\/\/www.brctiasi.ro\/politica-de-prelucrare-a-datelor-cu-caracter-personal\/#breadcrumb\"},\"inLanguage\":\"en-GB\",\"potentialAction\":[{\"@type\":\"ReadAction\",\"target\":[\"https:\/\/www.brctiasi.ro\/politica-de-prelucrare-a-datelor-cu-caracter-personal\/\"]}]},{\"@type\":\"BreadcrumbList\",\"@id\":\"https:\/\/www.brctiasi.ro\/politica-de-prelucrare-a-datelor-cu-caracter-personal\/#breadcrumb\",\"itemListElement\":[{\"@type\":\"ListItem\",\"position\":1,\"name\":\"Home\",\"item\":\"https:\/\/www.brctiasi.ro\/\"},{\"@type\":\"ListItem\",\"position\":2,\"name\":\"Politica\u00a0de\u00a0prelucrare\u00a0a\u00a0datelor\u00a0cu\u00a0caracter\u00a0personal\"}]},{\"@type\":\"WebSite\",\"@id\":\"https:\/\/www.brctiasi.ro\/#website\",\"url\":\"https:\/\/www.brctiasi.ro\/\",\"name\":\"BRCT Iasi\",\"description\":\"BRCT\",\"publisher\":{\"@id\":\"https:\/\/www.brctiasi.ro\/#organization\"},\"alternateName\":\"BRCT Iasi\",\"potentialAction\":[{\"@type\":\"SearchAction\",\"target\":{\"@type\":\"EntryPoint\",\"urlTemplate\":\"https:\/\/www.brctiasi.ro\/?s={search_term_string}\"},\"query-input\":{\"@type\":\"PropertyValueSpecification\",\"valueRequired\":true,\"valueName\":\"search_term_string\"}}],\"inLanguage\":\"en-GB\"},{\"@type\":\"Organization\",\"@id\":\"https:\/\/www.brctiasi.ro\/#organization\",\"name\":\"BRCT Iasi\",\"alternateName\":\"BRCT Iasi\",\"url\":\"https:\/\/www.brctiasi.ro\/\",\"logo\":{\"@type\":\"ImageObject\",\"inLanguage\":\"en-GB\",\"@id\":\"https:\/\/www.brctiasi.ro\/#\/schema\/logo\/image\/\",\"url\":\"https:\/\/www.brctiasi.ro\/wp-content\/uploads\/2025\/05\/recenzii.jpg\",\"contentUrl\":\"https:\/\/www.brctiasi.ro\/wp-content\/uploads\/2025\/05\/recenzii.jpg\",\"width\":960,\"height\":700,\"caption\":\"BRCT Iasi\"},\"image\":{\"@id\":\"https:\/\/www.brctiasi.ro\/#\/schema\/logo\/image\/\"}}]}<\/script>\n<!-- \/ Yoast SEO Premium plugin. -->","yoast_head_json":{"title":"Politica\u00a0de\u00a0prelucrare\u00a0a\u00a0datelor\u00a0cu\u00a0caracter\u00a0personal - Biroul Regional de Cooperare Transfrontalier\u0103 Iasi","robots":{"index":"index","follow":"follow","max-snippet":"max-snippet:-1","max-image-preview":"max-image-preview:large","max-video-preview":"max-video-preview:-1"},"canonical":"https:\/\/www.brctiasi.ro\/en\/politica-de-prelucrare-a-datelor-cu-caracter-personal\/","og_locale":"en_GB","og_type":"article","og_title":"Politica\u00a0de\u00a0prelucrare\u00a0a\u00a0datelor\u00a0cu\u00a0caracter\u00a0personal","og_description":"Politica de prelucrare a datelor cu caracter personal 1. Informa\u021bii generale Prezenta politic\u0103 descrie modul \u00een care Asocia\u021bia Biroul Regional pentru Cooperare Transfrontalier\u0103 Ia\u0219i, pentru Grani\u021ba Rom\u00e2nia &#8211; Republica Moldova, cu sediul \u00een Ia\u0219i, Str. Dimitrie Ralet nr. 2A, jude\u021bul Ia\u0219i, CUI 17560703, denumit\u0103 \u00een continuare \u201eAsocia\u021bia\u201d sau \u201eBRCT Ia\u0219i\u201d, prelucreaz\u0103 datele cu caracter personal [&hellip;]","og_url":"https:\/\/www.brctiasi.ro\/en\/politica-de-prelucrare-a-datelor-cu-caracter-personal\/","og_site_name":"Biroul Regional de Cooperare Transfrontalier\u0103 Iasi","article_modified_time":"2025-05-26T06:59:40+00:00","og_image":[{"width":960,"height":700,"url":"https:\/\/www.brctiasi.ro\/wp-content\/uploads\/2025\/05\/recenzii.jpg","type":"image\/jpeg"}],"twitter_card":"summary_large_image","twitter_misc":{"Estimated reading time":"4 minutes"},"schema":{"@context":"https:\/\/schema.org","@graph":[{"@type":"WebPage","@id":"https:\/\/www.brctiasi.ro\/politica-de-prelucrare-a-datelor-cu-caracter-personal\/","url":"https:\/\/www.brctiasi.ro\/politica-de-prelucrare-a-datelor-cu-caracter-personal\/","name":"Politica\u00a0de\u00a0prelucrare\u00a0a\u00a0datelor\u00a0cu\u00a0caracter\u00a0personal - Biroul Regional de Cooperare Transfrontalier\u0103 Iasi","isPartOf":{"@id":"https:\/\/www.brctiasi.ro\/#website"},"datePublished":"2025-05-23T09:06:20+00:00","dateModified":"2025-05-26T06:59:40+00:00","breadcrumb":{"@id":"https:\/\/www.brctiasi.ro\/politica-de-prelucrare-a-datelor-cu-caracter-personal\/#breadcrumb"},"inLanguage":"en-GB","potentialAction":[{"@type":"ReadAction","target":["https:\/\/www.brctiasi.ro\/politica-de-prelucrare-a-datelor-cu-caracter-personal\/"]}]},{"@type":"BreadcrumbList","@id":"https:\/\/www.brctiasi.ro\/politica-de-prelucrare-a-datelor-cu-caracter-personal\/#breadcrumb","itemListElement":[{"@type":"ListItem","position":1,"name":"Home","item":"https:\/\/www.brctiasi.ro\/"},{"@type":"ListItem","position":2,"name":"Politica\u00a0de\u00a0prelucrare\u00a0a\u00a0datelor\u00a0cu\u00a0caracter\u00a0personal"}]},{"@type":"WebSite","@id":"https:\/\/www.brctiasi.ro\/#website","url":"https:\/\/www.brctiasi.ro\/","name":"BRCT Iasi","description":"BRCT","publisher":{"@id":"https:\/\/www.brctiasi.ro\/#organization"},"alternateName":"BRCT Iasi","potentialAction":[{"@type":"SearchAction","target":{"@type":"EntryPoint","urlTemplate":"https:\/\/www.brctiasi.ro\/?s={search_term_string}"},"query-input":{"@type":"PropertyValueSpecification","valueRequired":true,"valueName":"search_term_string"}}],"inLanguage":"en-GB"},{"@type":"Organization","@id":"https:\/\/www.brctiasi.ro\/#organization","name":"BRCT Iasi","alternateName":"BRCT Iasi","url":"https:\/\/www.brctiasi.ro\/","logo":{"@type":"ImageObject","inLanguage":"en-GB","@id":"https:\/\/www.brctiasi.ro\/#\/schema\/logo\/image\/","url":"https:\/\/www.brctiasi.ro\/wp-content\/uploads\/2025\/05\/recenzii.jpg","contentUrl":"https:\/\/www.brctiasi.ro\/wp-content\/uploads\/2025\/05\/recenzii.jpg","width":960,"height":700,"caption":"BRCT Iasi"},"image":{"@id":"https:\/\/www.brctiasi.ro\/#\/schema\/logo\/image\/"}}]}},"_links":{"self":[{"href":"https:\/\/www.brctiasi.ro\/en\/wp-json\/wp\/v2\/pages\/2768","targetHints":{"allow":["GET"]}}],"collection":[{"href":"https:\/\/www.brctiasi.ro\/en\/wp-json\/wp\/v2\/pages"}],"about":[{"href":"https:\/\/www.brctiasi.ro\/en\/wp-json\/wp\/v2\/types\/page"}],"author":[{"embeddable":true,"href":"https:\/\/www.brctiasi.ro\/en\/wp-json\/wp\/v2\/users\/1"}],"replies":[{"embeddable":true,"href":"https:\/\/www.brctiasi.ro\/en\/wp-json\/wp\/v2\/comments?post=2768"}],"version-history":[{"count":6,"href":"https:\/\/www.brctiasi.ro\/en\/wp-json\/wp\/v2\/pages\/2768\/revisions"}],"predecessor-version":[{"id":3300,"href":"https:\/\/www.brctiasi.ro\/en\/wp-json\/wp\/v2\/pages\/2768\/revisions\/3300"}],"wp:attachment":[{"href":"https:\/\/www.brctiasi.ro\/en\/wp-json\/wp\/v2\/media?parent=2768"}],"curies":[{"name":"wp","href":"https:\/\/api.w.org\/{rel}","templated":true}]}}